{"id":1294,"date":"2024-09-25T10:39:08","date_gmt":"2024-09-25T10:39:08","guid":{"rendered":"https:\/\/amical-buchenwald.org\/amical-de-buschenwald\/"},"modified":"2025-11-17T17:36:40","modified_gmt":"2025-11-17T17:36:40","slug":"quienes-somos","status":"publish","type":"page","link":"https:\/\/amical-buchenwald.org\/es\/quienes-somos\/","title":{"rendered":"Qui\u00e9nes somos"},"content":{"rendered":"<p>La <strong>ASOCIACI\u00d3N BUCHENWALD<\/strong> o <strong>AMICAL DE BUCHENWALD<\/strong> es una entidad ya reconocida y plenamente legalizada, registrada en el registro de entidades de la Generalitat de Catalu\u00f1a, con el n\u00fam. 70404; con el NIF G67985028, con delegaciones en Madrid, la Comunidad Valenciana y otras comunidades, y tambi\u00e9n inscrita en el registro municipal de entidades de diferentes ayuntamientos.<\/p>\n<p>Forma parte del Consejo de Participaci\u00f3n del Memorial Democr\u00e1tico, del grupo de trabajo <em>Holocausto y Educaci\u00f3n<\/em> del Parlamento de Catalu\u00f1a; de los Grupos DEMD (con el Departamento de Educaci\u00f3n y el Memorial Democr\u00e1tico); de la Red de Memoria Democr\u00e1tica del Baix Llobregat, y del Encuentro Estatal por la Memoria. Tambi\u00e9n participa en diferentes movimientos sociales antirracistas y antifascistas, como UCFR en Catalu\u00f1a.<\/p>\n<p>Nuestra asociaci\u00f3n es la representante espa\u00f1ola en el Comit\u00e9 Internacional de Buchenwald y Dora, asumiendo la vicepresidencia por Espa\u00f1a y, actualmente, el cargo de copresidente para el per\u00edodo 2024-2025.<\/p>\n<p>Los principales objetivos de la Amical o Asociaci\u00f3n Buchenwald son:<\/p>\n<ul>\n<li><strong>Poner en valor Buchenwald como inspiraci\u00f3n europea y universal<\/strong> de los valores antifascistas, de la defensa de la paz y la libertad. Defender Buchenwald no solo como un lugar geogr\u00e1fico concreto o como un acontecimiento determinado en el tiempo, sino como un hecho, una idea y unos valores de \u00e1mbito global, enraizados en la misma Declaraci\u00f3n Universal de los Derechos Humanos, en el humanismo y en el internacionalismo solidario, conectados hoy directamente con los Objetivos de Desarrollo Sostenible (ODS) y con la Agenda 2030 de las Naciones Unidas (ONU).<\/li>\n<li><strong>Poner en valor el pensamiento de Jorge Sempr\u00fan<\/strong>, su visi\u00f3n de Europa: la Europa de los valores, de la solidaridad, la fraternidad, la justicia y la igualdad. La Europa de la Unidad en la Diversidad. Es necesario devolver Europa a sus ciudadanos y ciudadanas, a las personas. Es necesario proteger Europa del capital y de la extrema derecha.<\/li>\n<li><strong>Actualizar el juramento de Buchenwald<\/strong>, dot\u00e1ndolo de relevancia en la actualidad. Poner en la primera l\u00ednea de acci\u00f3n de nuestra Amical las dos frases principales:\n<ul>\n<li>\u00abAplastaremos definitivamente el nazismo (el fascismo) como nuestra misi\u00f3n.\u00bb<\/li>\n<li>\u00abNuestro ideal es la construcci\u00f3n de un mundo nuevo en Paz y Libertad.\u00bb<\/li>\n<\/ul>\n<\/li>\n<li><strong>Denunciar los diferentes conflictos armados vigentes en el mundo<\/strong>, poniendo \u00e9nfasis en sus causas: las crecientes desigualdades, el tr\u00e1fico de armas, la militarizaci\u00f3n de la sociedad, la destrucci\u00f3n del planeta y los recursos naturales, y la emergencia clim\u00e1tica.<\/li>\n<li><strong>Criticar la pol\u00edtica migratoria de la Uni\u00f3n Europea<\/strong> y apoyar a las ONG y los movimientos sociales que trabajan por la igualdad y contra el racismo.<\/li>\n<li><strong>Denunciar el aumento de los reg\u00edmenes totalitarios<\/strong>, los gobiernos populistas y reaccionarios, y las ideolog\u00edas de extrema derecha y neofascistas, tanto en Europa como en el resto del mundo, as\u00ed como la creciente vulneraci\u00f3n de los derechos humanos y civiles en gran parte del planeta.<\/li>\n<\/ul>\n<p>El <strong>Juramento de Buchenwald<\/strong> nos indica claramente el camino que debemos seguir.<\/p>\n<h1>Composici\u00f3n de la Junta:<\/h1>\n<ul>\n<li class=\"western\" lang=\"ca-ES\"><span style=\"font-family: Arial, sans-serif;\"><strong>Presidente<\/strong>: Enric Garriga Elies<\/span><\/li>\n<li class=\"western\" lang=\"ca-ES\"><span style=\"font-family: Arial, sans-serif;\"><strong>Vicepresidente<\/strong>: Joan Rubio Rius<\/span><\/li>\n<li class=\"western\" lang=\"ca-ES\"><span style=\"font-family: Arial, sans-serif;\"><strong>Secretaria<\/strong>: Gemma Parra Masip<\/span><\/li>\n<li class=\"western\" lang=\"ca-ES\"><span style=\"font-family: Arial, sans-serif;\"><strong>Tesorera<\/strong>: \u00c0ngels Par\u00e9s Corretger<\/span><\/li>\n<li class=\"western\" lang=\"ca-ES\"><span style=\"font-family: Arial, sans-serif;\"><strong>Vocal<\/strong>: Rub\u00e9n Benedicto Salmer\u00f3n<\/span><\/li>\n<li class=\"western\" lang=\"ca-ES\"><span style=\"font-family: Arial, sans-serif;\"><strong>Vocal<\/strong>: Enric Garriga Ubia<\/span><\/li>\n<li class=\"western\" lang=\"ca-ES\"><span style=\"font-family: Arial, sans-serif;\"><strong>Vocal<\/strong>: Jordi Mil\u00e0 Franco<\/span><\/li>\n<li class=\"western\" lang=\"ca-ES\"><span style=\"font-family: Arial, sans-serif;\"><strong>Vocal<\/strong>: Fina Ferrando Miralles<\/span><\/li>\n<li class=\"western\" lang=\"ca-ES\"><span style=\"font-family: Arial, sans-serif;\"><strong>Vocal<\/strong>: Nathalie Serra<\/span><\/li>\n<li class=\"western\" lang=\"ca-ES\"><span style=\"font-family: Arial, sans-serif;\"><strong>Vocal<\/strong>: Carlos Quesada<\/span><\/li>\n<li class=\"western\" lang=\"ca-ES\"><span style=\"font-family: Arial, sans-serif;\"><strong>Vocal<\/strong>: Stefan Loibl (delegado en Alemania)<\/span><\/li>\n<li class=\"western\" lang=\"ca-ES\"><span style=\"font-family: Arial, sans-serif;\"><strong>Vocal<\/strong>: Vicent Gimeno P\u00e9rez (delegado en la Comunidad Valenciana)<\/span><\/li>\n<\/ul>\n<p class=\"western\" lang=\"ca-ES\"><span style=\"font-family: Arial, sans-serif;\"><strong>Otras delegaciones<\/strong> :<\/span><\/p>\n<ul>\n<li class=\"western\" lang=\"ca-ES\"><span style=\"font-family: Arial, sans-serif;\">Eva Raynal, delegada en <strong>Francia<\/strong><\/span><\/li>\n<li class=\"western\" lang=\"ca-ES\"><span style=\"font-family: Arial, sans-serif;\">Paloma Nieves Garcia, delegada en <strong>Castilla La Mancha<\/strong><\/span><\/li>\n<li class=\"western\" lang=\"ca-ES\"><span style=\"font-family: Arial, sans-serif;\">Francesco Lima , delegado en <strong>Andaluc\u00eda<\/strong><\/span><\/li>\n<li class=\"western\" lang=\"ca-ES\"><span style=\"font-family: Arial, sans-serif;\">Jos\u00e9 Sedano, delegado en <strong>Andaluc\u00eda<\/strong><\/span><\/li>\n<li class=\"western\" lang=\"ca-ES\"><span style=\"font-family: Arial, sans-serif;\">V\u00edctor Manuel Hern\u00e1ndez, delegado en <strong>Andaluc\u00eda<\/strong><\/span><\/li>\n<\/ul>\n","protected":false},"excerpt":{"rendered":"<p>La ASOCIACI\u00d3N BUCHENWALD o AMICAL DE BUCHENWALD es una entidad ya reconocida y plenamente legalizada, registrada en el registro de entidades de la Generalitat de Catalu\u00f1a, con el n\u00fam. 70404; con el NIF G67985028, con delegaciones en Madrid, la Comunidad Valenciana y otras comunidades, y tambi\u00e9n inscrita en el registro municipal de entidades de diferentes [&hellip;]<\/p>\n","protected":false},"author":1,"featured_media":882,"parent":0,"menu_order":3,"comment_status":"closed","ping_status":"closed","template":"","meta":{"_acf_changed":false,"footnotes":""},"class_list":["post-1294","page","type-page","status-publish","has-post-thumbnail","hentry"],"acf":[],"yoast_head":"<!-- This site is optimized with the Yoast SEO plugin v26.6 - https:\/\/yoast.com\/wordpress\/plugins\/seo\/ -->\n<title>Qui\u00e9nes somos - Amical de Buchenwald<\/title>\n<meta name=\"robots\" content=\"index, follow, max-snippet:-1, max-image-preview:large, max-video-preview:-1\" \/>\n<link rel=\"canonical\" href=\"https:\/\/amical-buchenwald.org\/es\/quienes-somos\/\" \/>\n<meta property=\"og:locale\" content=\"es_ES\" \/>\n<meta property=\"og:type\" content=\"article\" \/>\n<meta property=\"og:title\" content=\"Qui\u00e9nes somos - Amical de Buchenwald\" \/>\n<meta property=\"og:description\" content=\"La ASOCIACI\u00d3N BUCHENWALD o AMICAL DE BUCHENWALD es una entidad ya reconocida y plenamente legalizada, registrada en el registro de entidades de la Generalitat de Catalu\u00f1a, con el n\u00fam. 70404; con el NIF G67985028, con delegaciones en Madrid, la Comunidad Valenciana y otras comunidades, y tambi\u00e9n inscrita en el registro municipal de entidades de diferentes [&hellip;]\" \/>\n<meta property=\"og:url\" content=\"https:\/\/amical-buchenwald.org\/es\/quienes-somos\/\" \/>\n<meta property=\"og:site_name\" content=\"Amical de Buchenwald\" \/>\n<meta property=\"article:modified_time\" content=\"2025-11-17T17:36:40+00:00\" \/>\n<meta property=\"og:image\" content=\"http:\/\/amical-buchenwald.org\/wp-content\/uploads\/2024\/12\/slide2.jpg\" \/>\n\t<meta property=\"og:image:width\" content=\"1920\" \/>\n\t<meta property=\"og:image:height\" content=\"900\" \/>\n\t<meta property=\"og:image:type\" content=\"image\/jpeg\" \/>\n<meta name=\"twitter:card\" content=\"summary_large_image\" \/>\n<meta name=\"twitter:label1\" content=\"Tiempo de lectura\" \/>\n\t<meta name=\"twitter:data1\" content=\"4 minutos\" \/>\n<script type=\"application\/ld+json\" class=\"yoast-schema-graph\">{\"@context\":\"https:\/\/schema.org\",\"@graph\":[{\"@type\":\"WebPage\",\"@id\":\"https:\/\/amical-buchenwald.org\/es\/quienes-somos\/\",\"url\":\"https:\/\/amical-buchenwald.org\/es\/quienes-somos\/\",\"name\":\"Qui\u00e9nes somos - Amical de Buchenwald\",\"isPartOf\":{\"@id\":\"https:\/\/amical-buchenwald.org\/#website\"},\"primaryImageOfPage\":{\"@id\":\"https:\/\/amical-buchenwald.org\/es\/quienes-somos\/#primaryimage\"},\"image\":{\"@id\":\"https:\/\/amical-buchenwald.org\/es\/quienes-somos\/#primaryimage\"},\"thumbnailUrl\":\"https:\/\/amical-buchenwald.org\/wp-content\/uploads\/2024\/12\/slide2.jpg\",\"datePublished\":\"2024-09-25T10:39:08+00:00\",\"dateModified\":\"2025-11-17T17:36:40+00:00\",\"breadcrumb\":{\"@id\":\"https:\/\/amical-buchenwald.org\/es\/quienes-somos\/#breadcrumb\"},\"inLanguage\":\"es\",\"potentialAction\":[{\"@type\":\"ReadAction\",\"target\":[\"https:\/\/amical-buchenwald.org\/es\/quienes-somos\/\"]}]},{\"@type\":\"ImageObject\",\"inLanguage\":\"es\",\"@id\":\"https:\/\/amical-buchenwald.org\/es\/quienes-somos\/#primaryimage\",\"url\":\"https:\/\/amical-buchenwald.org\/wp-content\/uploads\/2024\/12\/slide2.jpg\",\"contentUrl\":\"https:\/\/amical-buchenwald.org\/wp-content\/uploads\/2024\/12\/slide2.jpg\",\"width\":1920,\"height\":900},{\"@type\":\"BreadcrumbList\",\"@id\":\"https:\/\/amical-buchenwald.org\/es\/quienes-somos\/#breadcrumb\",\"itemListElement\":[{\"@type\":\"ListItem\",\"position\":1,\"name\":\"Inici\",\"item\":\"https:\/\/amical-buchenwald.org\/es\/\"},{\"@type\":\"ListItem\",\"position\":2,\"name\":\"Qui\u00e9nes somos\"}]},{\"@type\":\"WebSite\",\"@id\":\"https:\/\/amical-buchenwald.org\/#website\",\"url\":\"https:\/\/amical-buchenwald.org\/\",\"name\":\"Amical de Buchenwald\",\"description\":\"\",\"potentialAction\":[{\"@type\":\"SearchAction\",\"target\":{\"@type\":\"EntryPoint\",\"urlTemplate\":\"https:\/\/amical-buchenwald.org\/?s={search_term_string}\"},\"query-input\":{\"@type\":\"PropertyValueSpecification\",\"valueRequired\":true,\"valueName\":\"search_term_string\"}}],\"inLanguage\":\"es\"}]}<\/script>\n<!-- \/ Yoast SEO plugin. -->","yoast_head_json":{"title":"Qui\u00e9nes somos - Amical de Buchenwald","robots":{"index":"index","follow":"follow","max-snippet":"max-snippet:-1","max-image-preview":"max-image-preview:large","max-video-preview":"max-video-preview:-1"},"canonical":"https:\/\/amical-buchenwald.org\/es\/quienes-somos\/","og_locale":"es_ES","og_type":"article","og_title":"Qui\u00e9nes somos - Amical de Buchenwald","og_description":"La ASOCIACI\u00d3N BUCHENWALD o AMICAL DE BUCHENWALD es una entidad ya reconocida y plenamente legalizada, registrada en el registro de entidades de la Generalitat de Catalu\u00f1a, con el n\u00fam. 70404; con el NIF G67985028, con delegaciones en Madrid, la Comunidad Valenciana y otras comunidades, y tambi\u00e9n inscrita en el registro municipal de entidades de diferentes [&hellip;]","og_url":"https:\/\/amical-buchenwald.org\/es\/quienes-somos\/","og_site_name":"Amical de Buchenwald","article_modified_time":"2025-11-17T17:36:40+00:00","og_image":[{"width":1920,"height":900,"url":"http:\/\/amical-buchenwald.org\/wp-content\/uploads\/2024\/12\/slide2.jpg","type":"image\/jpeg"}],"twitter_card":"summary_large_image","twitter_misc":{"Tiempo de lectura":"4 minutos"},"schema":{"@context":"https:\/\/schema.org","@graph":[{"@type":"WebPage","@id":"https:\/\/amical-buchenwald.org\/es\/quienes-somos\/","url":"https:\/\/amical-buchenwald.org\/es\/quienes-somos\/","name":"Qui\u00e9nes somos - Amical de Buchenwald","isPartOf":{"@id":"https:\/\/amical-buchenwald.org\/#website"},"primaryImageOfPage":{"@id":"https:\/\/amical-buchenwald.org\/es\/quienes-somos\/#primaryimage"},"image":{"@id":"https:\/\/amical-buchenwald.org\/es\/quienes-somos\/#primaryimage"},"thumbnailUrl":"https:\/\/amical-buchenwald.org\/wp-content\/uploads\/2024\/12\/slide2.jpg","datePublished":"2024-09-25T10:39:08+00:00","dateModified":"2025-11-17T17:36:40+00:00","breadcrumb":{"@id":"https:\/\/amical-buchenwald.org\/es\/quienes-somos\/#breadcrumb"},"inLanguage":"es","potentialAction":[{"@type":"ReadAction","target":["https:\/\/amical-buchenwald.org\/es\/quienes-somos\/"]}]},{"@type":"ImageObject","inLanguage":"es","@id":"https:\/\/amical-buchenwald.org\/es\/quienes-somos\/#primaryimage","url":"https:\/\/amical-buchenwald.org\/wp-content\/uploads\/2024\/12\/slide2.jpg","contentUrl":"https:\/\/amical-buchenwald.org\/wp-content\/uploads\/2024\/12\/slide2.jpg","width":1920,"height":900},{"@type":"BreadcrumbList","@id":"https:\/\/amical-buchenwald.org\/es\/quienes-somos\/#breadcrumb","itemListElement":[{"@type":"ListItem","position":1,"name":"Inici","item":"https:\/\/amical-buchenwald.org\/es\/"},{"@type":"ListItem","position":2,"name":"Qui\u00e9nes somos"}]},{"@type":"WebSite","@id":"https:\/\/amical-buchenwald.org\/#website","url":"https:\/\/amical-buchenwald.org\/","name":"Amical de Buchenwald","description":"","potentialAction":[{"@type":"SearchAction","target":{"@type":"EntryPoint","urlTemplate":"https:\/\/amical-buchenwald.org\/?s={search_term_string}"},"query-input":{"@type":"PropertyValueSpecification","valueRequired":true,"valueName":"search_term_string"}}],"inLanguage":"es"}]}},"_links":{"self":[{"href":"https:\/\/amical-buchenwald.org\/es\/wp-json\/wp\/v2\/pages\/1294","targetHints":{"allow":["GET"]}}],"collection":[{"href":"https:\/\/amical-buchenwald.org\/es\/wp-json\/wp\/v2\/pages"}],"about":[{"href":"https:\/\/amical-buchenwald.org\/es\/wp-json\/wp\/v2\/types\/page"}],"author":[{"embeddable":true,"href":"https:\/\/amical-buchenwald.org\/es\/wp-json\/wp\/v2\/users\/1"}],"replies":[{"embeddable":true,"href":"https:\/\/amical-buchenwald.org\/es\/wp-json\/wp\/v2\/comments?post=1294"}],"version-history":[{"count":12,"href":"https:\/\/amical-buchenwald.org\/es\/wp-json\/wp\/v2\/pages\/1294\/revisions"}],"predecessor-version":[{"id":1767,"href":"https:\/\/amical-buchenwald.org\/es\/wp-json\/wp\/v2\/pages\/1294\/revisions\/1767"}],"wp:featuredmedia":[{"embeddable":true,"href":"https:\/\/amical-buchenwald.org\/es\/wp-json\/wp\/v2\/media\/882"}],"wp:attachment":[{"href":"https:\/\/amical-buchenwald.org\/es\/wp-json\/wp\/v2\/media?parent=1294"}],"curies":[{"name":"wp","href":"https:\/\/api.w.org\/{rel}","templated":true}]}}