{"id":1290,"date":"2024-12-09T11:26:12","date_gmt":"2024-12-09T11:26:12","guid":{"rendered":"https:\/\/amical-buchenwald.org\/projecte-buchenwald\/"},"modified":"2026-01-07T17:09:30","modified_gmt":"2026-01-07T17:09:30","slug":"proyecto-buchenwald","status":"publish","type":"page","link":"https:\/\/amical-buchenwald.org\/es\/proyecto-buchenwald\/","title":{"rendered":"Proyecto Buchenwald"},"content":{"rendered":"<p>El proyecto <strong>Buchenwald &#8211; Grupo DEMD Garraf-Pened\u00e8s<\/strong> es un proyecto impulsado por la Amical de Buchenwald, y constituye el proyecto territorial en el Garraf, Pened\u00e8s y Baix Llobregat dentro del marco de los <strong>Grupos DEMD<\/strong> del Departamento de Educaci\u00f3n y del Memorial Democr\u00e1tico de la Generalitat de Catalu\u00f1a.<\/p>\n<p>La asociaci\u00f3n recoge la experiencia personal de la deportaci\u00f3n, el exilio, el paso por los campos franceses y la desafortunada vivencia en los campos nazis, pero tambi\u00e9n la experiencia y la defensa de la <strong>II Rep\u00fablica<\/strong> y los valores que esta encarnaba.<\/p>\n<p>De esta experiencia y voluntad nace su misi\u00f3n: trabajar por la conservaci\u00f3n de la memoria hist\u00f3rica de la deportaci\u00f3n republicana, por el reconocimiento jur\u00eddico de las v\u00edctimas y para la prevenci\u00f3n del fascismo y la defensa de los <strong>Derechos Humanos<\/strong>.<\/p>\n<p>El proyecto <strong>Buchenwald<\/strong> recoge estas premisas: <strong>MEMORIA, DEPORTACI\u00d3N Y PREVENCI\u00d3N DEL FASCISMO<\/strong>, e incluye tambi\u00e9n el trabajo en favor de la <strong>CULTURA DE PAZ<\/strong> y de los <strong>DERECHOS HUMANOS<\/strong>.<\/p>\n<p>Este a\u00f1o, el proyecto pone en marcha su 13\u00ba curso de trabajo. Un camino iniciado en 2011, que ha evolucionado hasta el formato actual.<\/p>\n<p>Las sesiones de trabajo cuentan con el reconocimiento y la certificaci\u00f3n del Departamento de Educaci\u00f3n.<\/p>\n<h1><strong>OBJETIVOS DEL PROYECTO:<\/strong><\/h1>\n<ul>\n<li><strong>Conservar la memoria hist\u00f3rica<\/strong> de la deportaci\u00f3n republicana, el exilio y el Holocausto.<\/li>\n<li><strong>Prevenir y sensibilizar contra el fascismo.<\/strong><\/li>\n<li><strong>Defender y promover los Derechos Humanos y la Paz.<\/strong><\/li>\n<\/ul>\n<p>Para cumplir estos objetivos, impulsa proyectos desde el mundo local, centrados en las personas: <strong>proyectos con rostro<\/strong>, a partir de las vidas de personas concretas de cada villa o ciudad y de sus experiencias en el relato hist\u00f3rico del exilio y la deportaci\u00f3n.<\/p>\n<p>Adem\u00e1s, el proyecto busca alcanzar el apoyo del municipio concreto, de su ayuntamiento y de las entidades c\u00edvicas, acad\u00e9micas o de memoria existentes. Especialmente, fomenta la participaci\u00f3n activa de los centros de secundaria.<\/p>\n<p>El proyecto se desarrolla con la implicaci\u00f3n de los centros educativos e institutos, de su profesorado y de su alumnado, a trav\u00e9s del trabajo curricular, especialmente en <strong>4\u00ba de ESO<\/strong> y <strong>1\u00ba de Bachillerato<\/strong>. Los centros, con su alumnado, realizan las propuestas pedag\u00f3gicas y se involucran y coordinan con las actividades ciudadanas.<\/p>\n<h1><strong>INTEGRANTES DEL PROYECTO BUCHENWALD \u2013 GRUPO DEMD GARRAF-PENED\u00c8S CURSO 2024-2025:<\/strong><\/h1>\n<ul>\n<li><strong>INS Francesc Xavier Lluch i Rafecas,<\/strong> Vilanova i la Geltr\u00fa<\/li>\n<li><strong>INS Dolors Mallafr\u00e9,<\/strong> Vilanova i la Geltr\u00fa<\/li>\n<li><strong>INS Joaquim Mir,<\/strong> Vilanova i la Geltr\u00fa<\/li>\n<li><strong>INS Manuel de Cabanyes,<\/strong> Vilanova i la Geltr\u00fa<\/li>\n<li><strong>INS Baix a Mar,<\/strong> Vilanova i la Geltr\u00fa<\/li>\n<li><strong>Escola Santa Teresa,<\/strong> Vilanova i la Geltr\u00fa<\/li>\n<li><strong>Escola El CIM,<\/strong> Vilanova i la Geltr\u00fa<\/li>\n<li><strong>Escola Pia,<\/strong> Vilanova i la Geltr\u00fa<\/li>\n<li><strong>Escola Divina Provid\u00e8ncia,<\/strong> Vilanova i la Geltr\u00fa<\/li>\n<li><strong>Escola Sant Bonaventura,<\/strong> Vilanova i la Geltr\u00fa<\/li>\n<li><strong>Escola Pia,<\/strong> Sitges<\/li>\n<li><strong>INS Vinyet,<\/strong> Sitges<\/li>\n<li><b>INS Joan Ramon Benapr\u00e9s,<\/b> Sitges<\/li>\n<li><strong>INS Alexandre Gal\u00ed,<\/strong> Sant Pere de Ribes<\/li>\n<li><strong>INS Montgr\u00f3s,<\/strong> Sant Pere de Ribes<\/li>\n<li><strong>INS Can Puig,<\/strong> Sant Pere de Ribes<\/li>\n<li><strong>INS Cubelles,<\/strong> Cubelles<\/li>\n<li><strong>INS Alt Foix,<\/strong> Sant Mart\u00ed Sarroca<\/li>\n<li><strong>INS Alt Pened\u00e8s,<\/strong> Vilafranca del Pened\u00e8s<\/li>\n<li><b>INS Eugeni d&#8217;Ors , <\/b>Vilafranca del Pened\u00e8s<\/li>\n<li><strong>INS Bruguers,<\/strong> Gav\u00e0<\/li>\n<li><strong>CRP Garraf<\/strong><\/li>\n<li><b>INS Gelida, <\/b>Gelida<\/li>\n<\/ul>\n","protected":false},"excerpt":{"rendered":"<p>El proyecto Buchenwald &#8211; Grupo DEMD Garraf-Pened\u00e8s es un proyecto impulsado por la Amical de Buchenwald, y constituye el proyecto territorial en el Garraf, Pened\u00e8s y Baix Llobregat dentro del marco de los Grupos DEMD del Departamento de Educaci\u00f3n y del Memorial Democr\u00e1tico de la Generalitat de Catalu\u00f1a. La asociaci\u00f3n recoge la experiencia personal de [&hellip;]<\/p>\n","protected":false},"author":1,"featured_media":1292,"parent":0,"menu_order":5,"comment_status":"closed","ping_status":"closed","template":"","meta":{"_acf_changed":false,"footnotes":""},"class_list":["post-1290","page","type-page","status-publish","has-post-thumbnail","hentry"],"acf":[],"yoast_head":"<!-- This site is optimized with the Yoast SEO plugin v26.6 - https:\/\/yoast.com\/wordpress\/plugins\/seo\/ -->\n<title>Proyecto Buchenwald - Amical de Buchenwald<\/title>\n<meta name=\"robots\" content=\"index, follow, max-snippet:-1, max-image-preview:large, max-video-preview:-1\" \/>\n<link rel=\"canonical\" href=\"https:\/\/amical-buchenwald.org\/es\/proyecto-buchenwald\/\" \/>\n<meta property=\"og:locale\" content=\"es_ES\" \/>\n<meta property=\"og:type\" content=\"article\" \/>\n<meta property=\"og:title\" content=\"Proyecto Buchenwald - Amical de Buchenwald\" \/>\n<meta property=\"og:description\" content=\"El proyecto Buchenwald &#8211; Grupo DEMD Garraf-Pened\u00e8s es un proyecto impulsado por la Amical de Buchenwald, y constituye el proyecto territorial en el Garraf, Pened\u00e8s y Baix Llobregat dentro del marco de los Grupos DEMD del Departamento de Educaci\u00f3n y del Memorial Democr\u00e1tico de la Generalitat de Catalu\u00f1a. La asociaci\u00f3n recoge la experiencia personal de [&hellip;]\" \/>\n<meta property=\"og:url\" content=\"https:\/\/amical-buchenwald.org\/es\/proyecto-buchenwald\/\" \/>\n<meta property=\"og:site_name\" content=\"Amical de Buchenwald\" \/>\n<meta property=\"article:modified_time\" content=\"2026-01-07T17:09:30+00:00\" \/>\n<meta property=\"og:image\" content=\"http:\/\/amical-buchenwald.org\/wp-content\/uploads\/2024\/12\/viatges-al-camp-2-1-e1734423686359.jpg\" \/>\n\t<meta property=\"og:image:width\" content=\"1448\" \/>\n\t<meta property=\"og:image:height\" content=\"697\" \/>\n\t<meta property=\"og:image:type\" content=\"image\/jpeg\" \/>\n<meta name=\"twitter:card\" content=\"summary_large_image\" \/>\n<meta name=\"twitter:label1\" content=\"Tiempo de lectura\" \/>\n\t<meta name=\"twitter:data1\" content=\"3 minutos\" \/>\n<script type=\"application\/ld+json\" class=\"yoast-schema-graph\">{\"@context\":\"https:\/\/schema.org\",\"@graph\":[{\"@type\":\"WebPage\",\"@id\":\"https:\/\/amical-buchenwald.org\/es\/proyecto-buchenwald\/\",\"url\":\"https:\/\/amical-buchenwald.org\/es\/proyecto-buchenwald\/\",\"name\":\"Proyecto Buchenwald - Amical de Buchenwald\",\"isPartOf\":{\"@id\":\"https:\/\/amical-buchenwald.org\/#website\"},\"primaryImageOfPage\":{\"@id\":\"https:\/\/amical-buchenwald.org\/es\/proyecto-buchenwald\/#primaryimage\"},\"image\":{\"@id\":\"https:\/\/amical-buchenwald.org\/es\/proyecto-buchenwald\/#primaryimage\"},\"thumbnailUrl\":\"https:\/\/amical-buchenwald.org\/wp-content\/uploads\/2024\/12\/viatges-al-camp-2-1-e1734423686359.jpg\",\"datePublished\":\"2024-12-09T11:26:12+00:00\",\"dateModified\":\"2026-01-07T17:09:30+00:00\",\"breadcrumb\":{\"@id\":\"https:\/\/amical-buchenwald.org\/es\/proyecto-buchenwald\/#breadcrumb\"},\"inLanguage\":\"es\",\"potentialAction\":[{\"@type\":\"ReadAction\",\"target\":[\"https:\/\/amical-buchenwald.org\/es\/proyecto-buchenwald\/\"]}]},{\"@type\":\"ImageObject\",\"inLanguage\":\"es\",\"@id\":\"https:\/\/amical-buchenwald.org\/es\/proyecto-buchenwald\/#primaryimage\",\"url\":\"https:\/\/amical-buchenwald.org\/wp-content\/uploads\/2024\/12\/viatges-al-camp-2-1-e1734423686359.jpg\",\"contentUrl\":\"https:\/\/amical-buchenwald.org\/wp-content\/uploads\/2024\/12\/viatges-al-camp-2-1-e1734423686359.jpg\",\"width\":1448,\"height\":697},{\"@type\":\"BreadcrumbList\",\"@id\":\"https:\/\/amical-buchenwald.org\/es\/proyecto-buchenwald\/#breadcrumb\",\"itemListElement\":[{\"@type\":\"ListItem\",\"position\":1,\"name\":\"Inici\",\"item\":\"https:\/\/amical-buchenwald.org\/es\/\"},{\"@type\":\"ListItem\",\"position\":2,\"name\":\"Proyecto Buchenwald\"}]},{\"@type\":\"WebSite\",\"@id\":\"https:\/\/amical-buchenwald.org\/#website\",\"url\":\"https:\/\/amical-buchenwald.org\/\",\"name\":\"Amical de Buchenwald\",\"description\":\"\",\"potentialAction\":[{\"@type\":\"SearchAction\",\"target\":{\"@type\":\"EntryPoint\",\"urlTemplate\":\"https:\/\/amical-buchenwald.org\/?s={search_term_string}\"},\"query-input\":{\"@type\":\"PropertyValueSpecification\",\"valueRequired\":true,\"valueName\":\"search_term_string\"}}],\"inLanguage\":\"es\"}]}<\/script>\n<!-- \/ Yoast SEO plugin. -->","yoast_head_json":{"title":"Proyecto Buchenwald - Amical de Buchenwald","robots":{"index":"index","follow":"follow","max-snippet":"max-snippet:-1","max-image-preview":"max-image-preview:large","max-video-preview":"max-video-preview:-1"},"canonical":"https:\/\/amical-buchenwald.org\/es\/proyecto-buchenwald\/","og_locale":"es_ES","og_type":"article","og_title":"Proyecto Buchenwald - Amical de Buchenwald","og_description":"El proyecto Buchenwald &#8211; Grupo DEMD Garraf-Pened\u00e8s es un proyecto impulsado por la Amical de Buchenwald, y constituye el proyecto territorial en el Garraf, Pened\u00e8s y Baix Llobregat dentro del marco de los Grupos DEMD del Departamento de Educaci\u00f3n y del Memorial Democr\u00e1tico de la Generalitat de Catalu\u00f1a. La asociaci\u00f3n recoge la experiencia personal de [&hellip;]","og_url":"https:\/\/amical-buchenwald.org\/es\/proyecto-buchenwald\/","og_site_name":"Amical de Buchenwald","article_modified_time":"2026-01-07T17:09:30+00:00","og_image":[{"width":1448,"height":697,"url":"http:\/\/amical-buchenwald.org\/wp-content\/uploads\/2024\/12\/viatges-al-camp-2-1-e1734423686359.jpg","type":"image\/jpeg"}],"twitter_card":"summary_large_image","twitter_misc":{"Tiempo de lectura":"3 minutos"},"schema":{"@context":"https:\/\/schema.org","@graph":[{"@type":"WebPage","@id":"https:\/\/amical-buchenwald.org\/es\/proyecto-buchenwald\/","url":"https:\/\/amical-buchenwald.org\/es\/proyecto-buchenwald\/","name":"Proyecto Buchenwald - Amical de Buchenwald","isPartOf":{"@id":"https:\/\/amical-buchenwald.org\/#website"},"primaryImageOfPage":{"@id":"https:\/\/amical-buchenwald.org\/es\/proyecto-buchenwald\/#primaryimage"},"image":{"@id":"https:\/\/amical-buchenwald.org\/es\/proyecto-buchenwald\/#primaryimage"},"thumbnailUrl":"https:\/\/amical-buchenwald.org\/wp-content\/uploads\/2024\/12\/viatges-al-camp-2-1-e1734423686359.jpg","datePublished":"2024-12-09T11:26:12+00:00","dateModified":"2026-01-07T17:09:30+00:00","breadcrumb":{"@id":"https:\/\/amical-buchenwald.org\/es\/proyecto-buchenwald\/#breadcrumb"},"inLanguage":"es","potentialAction":[{"@type":"ReadAction","target":["https:\/\/amical-buchenwald.org\/es\/proyecto-buchenwald\/"]}]},{"@type":"ImageObject","inLanguage":"es","@id":"https:\/\/amical-buchenwald.org\/es\/proyecto-buchenwald\/#primaryimage","url":"https:\/\/amical-buchenwald.org\/wp-content\/uploads\/2024\/12\/viatges-al-camp-2-1-e1734423686359.jpg","contentUrl":"https:\/\/amical-buchenwald.org\/wp-content\/uploads\/2024\/12\/viatges-al-camp-2-1-e1734423686359.jpg","width":1448,"height":697},{"@type":"BreadcrumbList","@id":"https:\/\/amical-buchenwald.org\/es\/proyecto-buchenwald\/#breadcrumb","itemListElement":[{"@type":"ListItem","position":1,"name":"Inici","item":"https:\/\/amical-buchenwald.org\/es\/"},{"@type":"ListItem","position":2,"name":"Proyecto Buchenwald"}]},{"@type":"WebSite","@id":"https:\/\/amical-buchenwald.org\/#website","url":"https:\/\/amical-buchenwald.org\/","name":"Amical de Buchenwald","description":"","potentialAction":[{"@type":"SearchAction","target":{"@type":"EntryPoint","urlTemplate":"https:\/\/amical-buchenwald.org\/?s={search_term_string}"},"query-input":{"@type":"PropertyValueSpecification","valueRequired":true,"valueName":"search_term_string"}}],"inLanguage":"es"}]}},"_links":{"self":[{"href":"https:\/\/amical-buchenwald.org\/es\/wp-json\/wp\/v2\/pages\/1290","targetHints":{"allow":["GET"]}}],"collection":[{"href":"https:\/\/amical-buchenwald.org\/es\/wp-json\/wp\/v2\/pages"}],"about":[{"href":"https:\/\/amical-buchenwald.org\/es\/wp-json\/wp\/v2\/types\/page"}],"author":[{"embeddable":true,"href":"https:\/\/amical-buchenwald.org\/es\/wp-json\/wp\/v2\/users\/1"}],"replies":[{"embeddable":true,"href":"https:\/\/amical-buchenwald.org\/es\/wp-json\/wp\/v2\/comments?post=1290"}],"version-history":[{"count":10,"href":"https:\/\/amical-buchenwald.org\/es\/wp-json\/wp\/v2\/pages\/1290\/revisions"}],"predecessor-version":[{"id":1788,"href":"https:\/\/amical-buchenwald.org\/es\/wp-json\/wp\/v2\/pages\/1290\/revisions\/1788"}],"wp:featuredmedia":[{"embeddable":true,"href":"https:\/\/amical-buchenwald.org\/es\/wp-json\/wp\/v2\/media\/1292"}],"wp:attachment":[{"href":"https:\/\/amical-buchenwald.org\/es\/wp-json\/wp\/v2\/media?parent=1290"}],"curies":[{"name":"wp","href":"https:\/\/api.w.org\/{rel}","templated":true}]}}