{"id":1277,"date":"2024-12-13T14:30:22","date_gmt":"2024-12-13T14:30:22","guid":{"rendered":"https:\/\/amical-buchenwald.org\/el-comite-internacional-de-buchenwald-i-dora\/"},"modified":"2025-01-16T15:44:53","modified_gmt":"2025-01-16T15:44:53","slug":"el-comite-internacional-de-buchenwald-y-dora","status":"publish","type":"page","link":"https:\/\/amical-buchenwald.org\/es\/el-comite-internacional-de-buchenwald-y-dora\/","title":{"rendered":"EL COMIT\u00c9 INTERNACIONAL DE BUCHENWALD Y DORA"},"content":{"rendered":"<p>El Comit\u00e9 Internacional clandestino fue fundado en 1943 como resultado de la lucha iniciada primero por los antifascistas alemanes para apoderarse de la administraci\u00f3n interna del campo, a la que posteriormente se unieron todos los combatientes de la Resistencia de diversas naciones para mejorar la situaci\u00f3n de sus compa\u00f1eros prisioneros y organizar la resistencia contra las SS. El 11 de abril de 1945, cuando los ej\u00e9rcitos estadounidenses se acercaban, el Comit\u00e9 Internacional lanz\u00f3 la insurrecci\u00f3n liberadora que tom\u00f3 el control del campo.<\/p>\n<p>El actual Comit\u00e9 Internacional Buchenwald Dora y Kommandos naci\u00f3 despu\u00e9s de la guerra y es el guardi\u00e1n de la memoria del Comit\u00e9 Internacional clandestino que desempe\u00f1\u00f3 un papel determinante en la resistencia interna contra las SS en el campo. Es defensor de los valores humanistas subyacentes a la lucha de los internos por resistir a la muerte y la deshumanizaci\u00f3n impuestas por los nazis, y busca ser fiel al juramento realizado por los sobrevivientes el 19 de abril de 1945 para la construcci\u00f3n de un mundo de paz y libertad.<\/p>\n<p>Fue despu\u00e9s de la liberaci\u00f3n de los campos, en abril de 1952, cuando tuvo lugar una reuni\u00f3n de antiguos prisioneros en Weimar y Buchenwald, por iniciativa de la Federaci\u00f3n Internacional de Resistentes (FIR) y de la Asociaci\u00f3n de V\u00edctimas del Nazismo de la RDA (VVN). El coronel Fr\u00e9d\u00e9ric-Henri Manh\u00e8s, uno de los l\u00edderes importantes de la Resistencia francesa clandestina en Buchenwald y presidente de la FIR, propuso y cre\u00f3 un comit\u00e9 de enlace de los antiguos prisioneros, que r\u00e1pidamente adopt\u00f3 el t\u00edtulo de CIB (Comit\u00e9 Internacional de Buchenwald), luego CIBD (Comit\u00e9 Internacional de Buchenwald Dora). Su objetivo era mantener el v\u00ednculo con el antiguo Comit\u00e9 Internacional clandestino y restaurar, a pesar de la Guerra Fr\u00eda, la solidaridad nacida en la lucha.<\/p>\n<p>La presidencia del nuevo Comit\u00e9 fue confiada a Marcel Paul, un activista y sindicalista l\u00edder comunista antes de la guerra, principal organizador de la Resistencia francesa en el campo. Al final de la guerra, ingres\u00f3 en el gobierno del general de Gaulle, como ministro de Producci\u00f3n Industrial y art\u00edfice de la nacionalizaci\u00f3n de la energ\u00eda (creaci\u00f3n de la \u00c9lectricit\u00e9 de France). Marcel Paul asoci\u00f3 a sus camaradas alemanes como copresidentes en la direcci\u00f3n del Comit\u00e9, siendo sucesivamente Walter Bartel, expresidente del Comit\u00e9 Internacional clandestino, y despu\u00e9s Emil Carlebach.<\/p>\n<p>Marcel Paul logr\u00f3 la gran haza\u00f1a de restablecer, a pesar de la r\u00e1pida Guerra Fr\u00eda, el v\u00ednculo con el antiguo Comit\u00e9 clandestino, recuperando as\u00ed la solidaridad nacida en la lucha. El nuevo comit\u00e9 permiti\u00f3, superando los enfrentamientos pol\u00edticos, reunir a camaradas de diferentes pa\u00edses de los dos bloques. As\u00ed, se representaron Austria, Checoslovaquia, Alemania Federal (RFA) y la Rep\u00fablica Democr\u00e1tica Alemana (RDA). Este desaf\u00edo de reunir a antiguos prisioneros de toda Europa fue logrado gracias a su amplia apertura, a pesar de las vicisitudes de la situaci\u00f3n internacional, en particular las reservas expresadas por el Partido Comunista (SED) de la RDA. Con el apoyo de Pierre Durand, un importante luchador de la Resistencia francesa y miembro clave de la resistencia clandestina en el campo, el Comit\u00e9 creci\u00f3 y se expandi\u00f3.<\/p>\n<p>Durand sucedi\u00f3 a Paul a su muerte en 1982 como presidente del Comit\u00e9 Internacional, apoyado por el copresidente alem\u00e1n Walter Bartel, y continu\u00f3 el trabajo de Marcel Paul, abriendo el CIBD a pa\u00edses a\u00fan no representados, incluidos Dinamarca, Estados Unidos y Canad\u00e1. Adem\u00e1s, dio la bienvenida al Estado de Israel al CIBD en 1995, ayudando a desarrollar, junto al homenaje a la resistencia antinazi, la dimensi\u00f3n genocida de la memoria en Buchenwald y Dora, ya representada en el Comit\u00e9 por delegados de las comunidades Sinti y Roma.<\/p>\n<p>Gracias a su mentalidad abierta y sentido diplom\u00e1tico, Durand gui\u00f3 al CIBD a trav\u00e9s del delicado per\u00edodo de la posreunificaci\u00f3n alemana y estableci\u00f3 contactos fruct\u00edferos y amistosos con la nueva administraci\u00f3n de los Memoriales y con las autoridades pol\u00edticas de Turingia. Gracias a \u00e9l, el CIBD, que representaba 28 pa\u00edses, se convirti\u00f3 en un actor clave en la memoria de Buchenwald y Dora, respetado por todos. El Memorial de Buchenwald, en reconocimiento a su trabajo, dio su nombre a la sala de lectura del edificio de documentaci\u00f3n.<\/p>\n<p>Este resultado fue alcanzado por \u00e9l, el antifascista resistente y deportado, sin comprometer en ning\u00fan momento los valores a los que estaba comprometido y que mantuvo en el CIBD durante toda su presidencia. Preocupado por la sostenibilidad de las instituciones del Comit\u00e9, estableci\u00f3 un gabinete formado por 6 miembros (el presidente, el tesorero, los representantes de Alemania y Francia, los dos secretarios) para asegurar permanentemente la direcci\u00f3n del Comit\u00e9.<\/p>\n<p>Destinado a suceder a Pierre Durand, afectado por la enfermedad, en 2001 Bertrand Herz continu\u00f3 el camino trazado por su ilustre predecesor, aprovechando su experiencia asociativa, particularmente como secretario general de la asociaci\u00f3n francesa durante 8 a\u00f1os, y en honor a su pasado como hijo jud\u00edo deportado a los 14 a\u00f1os, con su padre y madre muertos en los campos. Herz conden\u00f3 en\u00e9rgicamente todos los intentos de banalizar la memoria de la barbarie nazi y subray\u00f3 su objetivo final: la destrucci\u00f3n total de la civilizaci\u00f3n europea.<\/p>\n<p>Tambi\u00e9n continu\u00f3 estableciendo contactos con la memoria y el entorno pol\u00edtico alem\u00e1n, en particular para la aceptaci\u00f3n solemne por parte de la ciudad de Weimar, el 14 de julio de 2007, del compromiso de los antiguos prisioneros, con la firma del compromiso de Weimar.<\/p>\n<p>Bertrand Herz fue fiel al esp\u00edritu de Pierre Durand proponiendo, desde 2011, una organizaci\u00f3n destinada a perpetuar el funcionamiento del Comit\u00e9.<\/p>\n<p>Entre los expresos que desempe\u00f1aron un papel fundamental en la vida del CIBD destaca Floreal Barrier, luchador de la Resistencia comunista francesa. Fue uno de los combatientes de la resistencia clandestina que liber\u00f3 el campo el 11 de abril. Tesorero del Comit\u00e9 y presidente del Consejo de prisioneros de Buchenwald (Beirat), desempe\u00f1\u00f3 un papel esencial en la preservaci\u00f3n y transmisi\u00f3n de la memoria de la resistencia y la deportaci\u00f3n. Fue el hilo conductor del proyecto de renovaci\u00f3n del museo actual, haciendo que el Memorial se beneficiara de su experiencia e ideas; tambi\u00e9n fue el arquitecto principal de la colaboraci\u00f3n con el F\u00f6rderverein Buchenwald en Weimar.<\/p>\n<p>Tambi\u00e9n se debe mencionar a G\u00fcnther Pappenheim, quien convirti\u00f3 su internamiento en Buchenwald en un acto de valent\u00eda. Hijo de un diputado socialdem\u00f3crata opositor a Hitler y asesinado por los nazis, \u00e9l mismo, un joven v\u00edctima de la persecuci\u00f3n antisemita, mostr\u00f3 su solidaridad con las v\u00edctimas francesas del nazismo interpretando su himno nacional; esto le vali\u00f3 dos a\u00f1os de sufrimiento en el campo. Primer vicepresidente en representaci\u00f3n de Alemania, de la que presidi\u00f3 la asociaci\u00f3n Buchenwald-Dora, desempe\u00f1\u00f3 un papel destacado en la preservaci\u00f3n de la memoria de la resistencia clandestina en el campo.<\/p>\n<p>Su camarada Ottomar Rothmann tambi\u00e9n fue internado a una edad muy joven, miembro habitual del CIBD y uno de los principales representantes en el Beirat de los prisioneros de Buchenwald. Gert Schramm, que conoci\u00f3 el sufrimiento del campo a los 15 a\u00f1os bajo las pol\u00edticas raciales de los nazis, como hijo de un ingeniero negro estadounidense, fue enviado a Auschwitz para morir all\u00ed. Fue el \u00fanico prisionero del campo v\u00edctima del racismo nazi. Tambi\u00e9n fue miembro del Beirat. Elling Kvamme fue uno de esos estudiantes noruegos que se opusieron a la ocupaci\u00f3n nazi y acabaron en Buchenwald. Representante de Noruega, fue uno de los miembros m\u00e1s asiduos del Comit\u00e9, y uno de los primeros en actuar por la representaci\u00f3n de no deportados en el CIBD. Ed Carter-Edwards, quien fue uno de los 168 aviadores aliados derribados en misi\u00f3n sobre la Europa ocupada, se encontr\u00f3 internado durante unos meses en Buchenwald sin que se respetaran las leyes de guerra. Fue representante de Canad\u00e1 y el principal representante de sus camaradas. Danuta Brzosko-Medryk, una valiente resistente, represent\u00f3 durante mucho tiempo a su pa\u00eds, Polonia, antes de delegar esta representaci\u00f3n, por su salud, a Alojzy Maciak, presidente de la asociaci\u00f3n polaca, quien inici\u00f3 importantes acciones por la presencia de no deportados dentro del CIBD.<\/p>\n<p>Entre otros miembros, tambi\u00e9n desaparecidos, estuvieron los resistentes antifascistas alemanes y primeros vicepresidentes del Comit\u00e9, o estrechamente asociados a su creaci\u00f3n y desarrollo: Walter Bartel, presidente del comit\u00e9 internacional clandestino, Emil Carlebach, el decano del bloque 22, el bloque de los jud\u00edos, uno de los arquitectos del rescate de los \u201cni\u00f1os de Buchenwald\u201d, Willy Schmidt, Reinhold Lochmann, el especialista en transmisiones de la resistencia subterr\u00e1nea.<\/p>\n<p>Los delegados de Europa del Este fueron todos miembros activos del Comit\u00e9, a pesar de los eventos que afectaron Europa: la Guerra Fr\u00eda y el antagonismo entre dos bloques, la remodelaci\u00f3n de los Estados y la ca\u00edda de los reg\u00edmenes comunistas. Sergej Bogdanow, primer representante de la URSS, luego Emil Halperin para Ucrania, Dimiter Ditschkow para Bulgaria, Petru Muresan para Ruman\u00eda, Miloslav Moulis para Checoslovaquia, Milivoj Lalin y Milan Filip\u010di\u0107 para Yugoslavia, Myquerem Fuga para Albania.<\/p>\n<p>Con la entrada del Estado de Israel en el CIBD en 1995, Robert B\u00fcchler, fallecido en 2011, se convirti\u00f3 en su representante. A trav\u00e9s de \u00e9l, la memoria de la Shoah pas\u00f3 a formar parte de la memoria de Buchenwald y Dora en el Comit\u00e9 Internacional. Historiador, hab\u00eda escrito una obra sobre el genocidio de los jud\u00edos eslovacos y, adem\u00e1s, era uno de los historiadores del rescate de los \u201cni\u00f1os de Buchenwald\u201d, de los cuales \u00e9l mismo formaba parte: tambi\u00e9n es \u00e9l quien elabora la lista de los supervivientes del famoso bloque infantil en el peque\u00f1o campo, el bloque 66.<\/p>\n<p>Sin Guy Ducolon\u00e9, fallecido en 2008, presidente de la Asociaci\u00f3n Francesa y figura clave del Comit\u00e9, el CIBD no habr\u00eda tenido el mismo desarrollo. Resistente comunista, miembro de la resistencia clandestina, tuvo una destacada carrera pol\u00edtica despu\u00e9s de la guerra, especialmente como vicepresidente de la Asamblea Nacional francesa. Puso su experiencia pol\u00edtica, sus numerosos contactos, nacionales e internacionales, sin distinci\u00f3n de opiniones, as\u00ed como sus excepcionales cualidades humanas, al servicio de sus camaradas: fue, en particular, el relator de la ley que compensaba a los antiguos deportados franceses.<\/p>\n<p>En 2016, por motivos de salud, Bertrand Herz abandon\u00f3 la presidencia ejecutiva del CIBD y fue nombrado presidente honorario del Comit\u00e9 Internacional. Por primera vez en su historia, la presidencia recay\u00f3 en un no deportado. En este caso, el elegido fue Dominique Durand, hijo de Pierre Durand.<\/p>\n<p>Actualmente, la presidencia del CIBD recae en el exdeportado a Auschwitz y Buchenwald, Naftali F\u00fcrst.<\/p>\n","protected":false},"excerpt":{"rendered":"<p>El Comit\u00e9 Internacional clandestino fue fundado en 1943 como resultado de la lucha iniciada primero por los antifascistas alemanes para apoderarse de la administraci\u00f3n interna del campo, a la que posteriormente se unieron todos los combatientes de la Resistencia de diversas naciones para mejorar la situaci\u00f3n de sus compa\u00f1eros prisioneros y organizar la resistencia contra [&hellip;]<\/p>\n","protected":false},"author":1,"featured_media":1086,"parent":0,"menu_order":15,"comment_status":"closed","ping_status":"closed","template":"","meta":{"_acf_changed":false,"footnotes":""},"class_list":["post-1277","page","type-page","status-publish","has-post-thumbnail","hentry"],"acf":[],"yoast_head":"<!-- This site is optimized with the Yoast SEO plugin v26.6 - https:\/\/yoast.com\/wordpress\/plugins\/seo\/ -->\n<title>EL COMIT\u00c9 INTERNACIONAL DE BUCHENWALD Y DORA - Amical de Buchenwald<\/title>\n<meta name=\"robots\" content=\"index, follow, max-snippet:-1, max-image-preview:large, max-video-preview:-1\" \/>\n<link rel=\"canonical\" href=\"https:\/\/amical-buchenwald.org\/es\/el-comite-internacional-de-buchenwald-y-dora\/\" \/>\n<meta property=\"og:locale\" content=\"es_ES\" \/>\n<meta property=\"og:type\" content=\"article\" \/>\n<meta property=\"og:title\" content=\"EL COMIT\u00c9 INTERNACIONAL DE BUCHENWALD Y DORA - Amical de Buchenwald\" \/>\n<meta property=\"og:description\" content=\"El Comit\u00e9 Internacional clandestino fue fundado en 1943 como resultado de la lucha iniciada primero por los antifascistas alemanes para apoderarse de la administraci\u00f3n interna del campo, a la que posteriormente se unieron todos los combatientes de la Resistencia de diversas naciones para mejorar la situaci\u00f3n de sus compa\u00f1eros prisioneros y organizar la resistencia contra [&hellip;]\" \/>\n<meta property=\"og:url\" content=\"https:\/\/amical-buchenwald.org\/es\/el-comite-internacional-de-buchenwald-y-dora\/\" \/>\n<meta property=\"og:site_name\" content=\"Amical de Buchenwald\" \/>\n<meta property=\"article:modified_time\" content=\"2025-01-16T15:44:53+00:00\" \/>\n<meta property=\"og:image\" content=\"http:\/\/amical-buchenwald.org\/wp-content\/uploads\/2024\/12\/P4140039-1024x768.jpg\" \/>\n\t<meta property=\"og:image:width\" content=\"1024\" \/>\n\t<meta property=\"og:image:height\" content=\"768\" \/>\n\t<meta property=\"og:image:type\" content=\"image\/jpeg\" \/>\n<meta name=\"twitter:card\" content=\"summary_large_image\" \/>\n<meta name=\"twitter:label1\" content=\"Tiempo de lectura\" \/>\n\t<meta name=\"twitter:data1\" content=\"10 minutos\" \/>\n<script type=\"application\/ld+json\" class=\"yoast-schema-graph\">{\"@context\":\"https:\/\/schema.org\",\"@graph\":[{\"@type\":\"WebPage\",\"@id\":\"https:\/\/amical-buchenwald.org\/es\/el-comite-internacional-de-buchenwald-y-dora\/\",\"url\":\"https:\/\/amical-buchenwald.org\/es\/el-comite-internacional-de-buchenwald-y-dora\/\",\"name\":\"EL COMIT\u00c9 INTERNACIONAL DE BUCHENWALD Y DORA - Amical de Buchenwald\",\"isPartOf\":{\"@id\":\"https:\/\/amical-buchenwald.org\/#website\"},\"primaryImageOfPage\":{\"@id\":\"https:\/\/amical-buchenwald.org\/es\/el-comite-internacional-de-buchenwald-y-dora\/#primaryimage\"},\"image\":{\"@id\":\"https:\/\/amical-buchenwald.org\/es\/el-comite-internacional-de-buchenwald-y-dora\/#primaryimage\"},\"thumbnailUrl\":\"https:\/\/amical-buchenwald.org\/wp-content\/uploads\/2024\/12\/P4140039-e1734100472997.jpg\",\"datePublished\":\"2024-12-13T14:30:22+00:00\",\"dateModified\":\"2025-01-16T15:44:53+00:00\",\"breadcrumb\":{\"@id\":\"https:\/\/amical-buchenwald.org\/es\/el-comite-internacional-de-buchenwald-y-dora\/#breadcrumb\"},\"inLanguage\":\"es\",\"potentialAction\":[{\"@type\":\"ReadAction\",\"target\":[\"https:\/\/amical-buchenwald.org\/es\/el-comite-internacional-de-buchenwald-y-dora\/\"]}]},{\"@type\":\"ImageObject\",\"inLanguage\":\"es\",\"@id\":\"https:\/\/amical-buchenwald.org\/es\/el-comite-internacional-de-buchenwald-y-dora\/#primaryimage\",\"url\":\"https:\/\/amical-buchenwald.org\/wp-content\/uploads\/2024\/12\/P4140039-e1734100472997.jpg\",\"contentUrl\":\"https:\/\/amical-buchenwald.org\/wp-content\/uploads\/2024\/12\/P4140039-e1734100472997.jpg\",\"width\":2560,\"height\":1920,\"caption\":\"OLYMPUS DIGITAL CAMERA\"},{\"@type\":\"BreadcrumbList\",\"@id\":\"https:\/\/amical-buchenwald.org\/es\/el-comite-internacional-de-buchenwald-y-dora\/#breadcrumb\",\"itemListElement\":[{\"@type\":\"ListItem\",\"position\":1,\"name\":\"Inici\",\"item\":\"https:\/\/amical-buchenwald.org\/es\/\"},{\"@type\":\"ListItem\",\"position\":2,\"name\":\"EL COMIT\u00c9 INTERNACIONAL DE BUCHENWALD Y DORA\"}]},{\"@type\":\"WebSite\",\"@id\":\"https:\/\/amical-buchenwald.org\/#website\",\"url\":\"https:\/\/amical-buchenwald.org\/\",\"name\":\"Amical de Buchenwald\",\"description\":\"\",\"potentialAction\":[{\"@type\":\"SearchAction\",\"target\":{\"@type\":\"EntryPoint\",\"urlTemplate\":\"https:\/\/amical-buchenwald.org\/?s={search_term_string}\"},\"query-input\":{\"@type\":\"PropertyValueSpecification\",\"valueRequired\":true,\"valueName\":\"search_term_string\"}}],\"inLanguage\":\"es\"}]}<\/script>\n<!-- \/ Yoast SEO plugin. -->","yoast_head_json":{"title":"EL COMIT\u00c9 INTERNACIONAL DE BUCHENWALD Y DORA - Amical de Buchenwald","robots":{"index":"index","follow":"follow","max-snippet":"max-snippet:-1","max-image-preview":"max-image-preview:large","max-video-preview":"max-video-preview:-1"},"canonical":"https:\/\/amical-buchenwald.org\/es\/el-comite-internacional-de-buchenwald-y-dora\/","og_locale":"es_ES","og_type":"article","og_title":"EL COMIT\u00c9 INTERNACIONAL DE BUCHENWALD Y DORA - Amical de Buchenwald","og_description":"El Comit\u00e9 Internacional clandestino fue fundado en 1943 como resultado de la lucha iniciada primero por los antifascistas alemanes para apoderarse de la administraci\u00f3n interna del campo, a la que posteriormente se unieron todos los combatientes de la Resistencia de diversas naciones para mejorar la situaci\u00f3n de sus compa\u00f1eros prisioneros y organizar la resistencia contra [&hellip;]","og_url":"https:\/\/amical-buchenwald.org\/es\/el-comite-internacional-de-buchenwald-y-dora\/","og_site_name":"Amical de Buchenwald","article_modified_time":"2025-01-16T15:44:53+00:00","og_image":[{"width":1024,"height":768,"url":"http:\/\/amical-buchenwald.org\/wp-content\/uploads\/2024\/12\/P4140039-1024x768.jpg","type":"image\/jpeg"}],"twitter_card":"summary_large_image","twitter_misc":{"Tiempo de lectura":"10 minutos"},"schema":{"@context":"https:\/\/schema.org","@graph":[{"@type":"WebPage","@id":"https:\/\/amical-buchenwald.org\/es\/el-comite-internacional-de-buchenwald-y-dora\/","url":"https:\/\/amical-buchenwald.org\/es\/el-comite-internacional-de-buchenwald-y-dora\/","name":"EL COMIT\u00c9 INTERNACIONAL DE BUCHENWALD Y DORA - Amical de Buchenwald","isPartOf":{"@id":"https:\/\/amical-buchenwald.org\/#website"},"primaryImageOfPage":{"@id":"https:\/\/amical-buchenwald.org\/es\/el-comite-internacional-de-buchenwald-y-dora\/#primaryimage"},"image":{"@id":"https:\/\/amical-buchenwald.org\/es\/el-comite-internacional-de-buchenwald-y-dora\/#primaryimage"},"thumbnailUrl":"https:\/\/amical-buchenwald.org\/wp-content\/uploads\/2024\/12\/P4140039-e1734100472997.jpg","datePublished":"2024-12-13T14:30:22+00:00","dateModified":"2025-01-16T15:44:53+00:00","breadcrumb":{"@id":"https:\/\/amical-buchenwald.org\/es\/el-comite-internacional-de-buchenwald-y-dora\/#breadcrumb"},"inLanguage":"es","potentialAction":[{"@type":"ReadAction","target":["https:\/\/amical-buchenwald.org\/es\/el-comite-internacional-de-buchenwald-y-dora\/"]}]},{"@type":"ImageObject","inLanguage":"es","@id":"https:\/\/amical-buchenwald.org\/es\/el-comite-internacional-de-buchenwald-y-dora\/#primaryimage","url":"https:\/\/amical-buchenwald.org\/wp-content\/uploads\/2024\/12\/P4140039-e1734100472997.jpg","contentUrl":"https:\/\/amical-buchenwald.org\/wp-content\/uploads\/2024\/12\/P4140039-e1734100472997.jpg","width":2560,"height":1920,"caption":"OLYMPUS DIGITAL CAMERA"},{"@type":"BreadcrumbList","@id":"https:\/\/amical-buchenwald.org\/es\/el-comite-internacional-de-buchenwald-y-dora\/#breadcrumb","itemListElement":[{"@type":"ListItem","position":1,"name":"Inici","item":"https:\/\/amical-buchenwald.org\/es\/"},{"@type":"ListItem","position":2,"name":"EL COMIT\u00c9 INTERNACIONAL DE BUCHENWALD Y DORA"}]},{"@type":"WebSite","@id":"https:\/\/amical-buchenwald.org\/#website","url":"https:\/\/amical-buchenwald.org\/","name":"Amical de Buchenwald","description":"","potentialAction":[{"@type":"SearchAction","target":{"@type":"EntryPoint","urlTemplate":"https:\/\/amical-buchenwald.org\/?s={search_term_string}"},"query-input":{"@type":"PropertyValueSpecification","valueRequired":true,"valueName":"search_term_string"}}],"inLanguage":"es"}]}},"_links":{"self":[{"href":"https:\/\/amical-buchenwald.org\/es\/wp-json\/wp\/v2\/pages\/1277","targetHints":{"allow":["GET"]}}],"collection":[{"href":"https:\/\/amical-buchenwald.org\/es\/wp-json\/wp\/v2\/pages"}],"about":[{"href":"https:\/\/amical-buchenwald.org\/es\/wp-json\/wp\/v2\/types\/page"}],"author":[{"embeddable":true,"href":"https:\/\/amical-buchenwald.org\/es\/wp-json\/wp\/v2\/users\/1"}],"replies":[{"embeddable":true,"href":"https:\/\/amical-buchenwald.org\/es\/wp-json\/wp\/v2\/comments?post=1277"}],"version-history":[{"count":3,"href":"https:\/\/amical-buchenwald.org\/es\/wp-json\/wp\/v2\/pages\/1277\/revisions"}],"predecessor-version":[{"id":1522,"href":"https:\/\/amical-buchenwald.org\/es\/wp-json\/wp\/v2\/pages\/1277\/revisions\/1522"}],"wp:featuredmedia":[{"embeddable":true,"href":"https:\/\/amical-buchenwald.org\/es\/wp-json\/wp\/v2\/media\/1086"}],"wp:attachment":[{"href":"https:\/\/amical-buchenwald.org\/es\/wp-json\/wp\/v2\/media?parent=1277"}],"curies":[{"name":"wp","href":"https:\/\/api.w.org\/{rel}","templated":true}]}}