{"id":1276,"date":"2024-12-16T08:23:21","date_gmt":"2024-12-16T08:23:21","guid":{"rendered":"https:\/\/amical-buchenwald.org\/el-jurament-de-buchenwald\/"},"modified":"2025-01-15T07:50:12","modified_gmt":"2025-01-15T07:50:12","slug":"el-juramento-de-buchenwald","status":"publish","type":"page","link":"https:\/\/amical-buchenwald.org\/es\/el-juramento-de-buchenwald\/","title":{"rendered":"El Juramento de Buchenwald"},"content":{"rendered":"<p>El texto del juramento fue redactado por el antifascista alem\u00e1n <strong>Walter Hartel<\/strong> y <strong>Marcel Paul<\/strong>. La versi\u00f3n francesa fue le\u00edda por <strong>Pierre Durand<\/strong>.<\/p>\n<p>El <strong>juramento de Buchenwald<\/strong> representa el compromiso de los supervivientes con la lucha antifascista y con la paz y la libertad. A pesar de su antig\u00fcedad e historia, hoy sigue siendo plenamente vigente y sirve de gu\u00eda a los movimientos sociales antifascistas, antirracistas y pacifistas en su constante lucha por hacer del mundo un lugar mejor.<\/p>\n<h1><strong>Los supervivientes de Buchenwald juraron:<\/strong><\/h1>\n<p>\u201cNosotros, los detenidos de Buchenwald, hemos venido hoy para honrar a los 51.000 prisioneros asesinados en Buchenwald y en los Kommandos exteriores por los brutales nazis y sus c\u00f3mplices.<\/p>\n<p>51.000 de nuestros compa\u00f1eros fueron fusilados, ahorcados, atropellados, heridos de muerte, asfixiados, ahogados, envenenados y muertos por picaduras.<\/p>\n<p>51.000 padres, hermanos, hijos murieron de una muerte llena de sufrimientos, porque lucharon contra el r\u00e9gimen de los asesinos fascistas.<\/p>\n<p>51.000 madres, esposas y cientos de miles de ni\u00f1os nos acusan.<\/p>\n<p>Nosotros, los que quedamos con vida y que somos los testigos de la brutalidad nazi, hemos guardado con una rabia impotente la muerte de nuestros compa\u00f1eros. Si algo nos ayud\u00f3 a sobrevivir, fue la idea de que llegar\u00eda el d\u00eda de la justicia.<\/p>\n<h1><strong>Hoy somos libres.<\/strong><\/h1>\n<p>Agradecemos a los ej\u00e9rcitos aliados, a los estadounidenses, a los ingleses, a los sovi\u00e9ticos, y a todos los ej\u00e9rcitos de liberaci\u00f3n que luchan por la paz y la vida de todo el mundo. Rendimos homenaje al gran amigo de los antifascistas de todos los pa\u00edses, al organizador e iniciador de la lucha por un mundo nuevo, <strong>F.D. Roosevelt<\/strong>. Honor a su memoria.<\/p>\n<p>Nosotros: los de Buchenwald,<br \/>\nRusos, Franceses, Polacos, Checoslovacos, Alemanes, Espa\u00f1oles, Italianos, Austriacos, Belgas, Holandeses, Luxemburguenses, Rumanos, Yugoslavos, H\u00fangaros&#8230;<br \/>\nLuchando en com\u00fan contra las SS, contra los nazis criminales, por nuestra liberaci\u00f3n.<br \/>\nUn pensamiento nos anima.<\/p>\n<h1><strong>Nuestra causa es justa, la victoria ser\u00e1 nuestra.<\/strong><\/h1>\n<p>Hemos llevado con muchas lenguas la misma lucha dura y despiadada. Esta lucha exigi\u00f3 muchas v\u00edctimas y a\u00fan no ha terminado.<br \/>\nLas banderas a\u00fan ondean y los asesinos de nuestros compa\u00f1eros a\u00fan viven. Nuestros s\u00e1dicos torturadores est\u00e1n a\u00fan en libertad.<br \/>\nEs por eso que juramos sobre estos lugares de cr\u00edmenes fascistas, ante todo el mundo, que no renunciaremos a la lucha hasta que el \u00faltimo de los responsables sea condenado ante el tribunal de todas las naciones:<br \/>\n<strong>El aplastamiento definitivo del nazismo es nuestra tarea.<\/strong><\/p>\n<h1><strong>Nuestro ideal es la construcci\u00f3n de un mundo nuevo en paz y libertad.<\/strong><\/h1>\n<p>Lo debemos a nuestros compa\u00f1eros muertos y a sus familias.<br \/>\nLevantad vuestras manos y jurad para demostrar que est\u00e1is preparados para la lucha.\u201d<\/p>\n","protected":false},"excerpt":{"rendered":"<p>El texto del juramento fue redactado por el antifascista alem\u00e1n Walter Hartel y Marcel Paul. La versi\u00f3n francesa fue le\u00edda por Pierre Durand. El juramento de Buchenwald representa el compromiso de los supervivientes con la lucha antifascista y con la paz y la libertad. A pesar de su antig\u00fcedad e historia, hoy sigue siendo plenamente [&hellip;]<\/p>\n","protected":false},"author":1,"featured_media":1083,"parent":0,"menu_order":16,"comment_status":"closed","ping_status":"closed","template":"","meta":{"_acf_changed":false,"footnotes":""},"class_list":["post-1276","page","type-page","status-publish","has-post-thumbnail","hentry"],"acf":[],"yoast_head":"<!-- This site is optimized with the Yoast SEO plugin v26.6 - https:\/\/yoast.com\/wordpress\/plugins\/seo\/ -->\n<title>El Juramento de Buchenwald - Amical de Buchenwald<\/title>\n<meta name=\"robots\" content=\"index, follow, max-snippet:-1, max-image-preview:large, max-video-preview:-1\" \/>\n<link rel=\"canonical\" href=\"https:\/\/amical-buchenwald.org\/el-jurament-de-buchenwald\/\" \/>\n<meta property=\"og:locale\" content=\"es_ES\" \/>\n<meta property=\"og:type\" content=\"article\" \/>\n<meta property=\"og:title\" content=\"El Juramento de Buchenwald - Amical de Buchenwald\" \/>\n<meta property=\"og:description\" content=\"El texto del juramento fue redactado por el antifascista alem\u00e1n Walter Hartel y Marcel Paul. La versi\u00f3n francesa fue le\u00edda por Pierre Durand. El juramento de Buchenwald representa el compromiso de los supervivientes con la lucha antifascista y con la paz y la libertad. A pesar de su antig\u00fcedad e historia, hoy sigue siendo plenamente [&hellip;]\" \/>\n<meta property=\"og:url\" content=\"https:\/\/amical-buchenwald.org\/el-jurament-de-buchenwald\/\" \/>\n<meta property=\"og:site_name\" content=\"Amical de Buchenwald\" \/>\n<meta property=\"article:modified_time\" content=\"2025-01-15T07:50:12+00:00\" \/>\n<meta property=\"og:image\" content=\"https:\/\/amical-buchenwald.org\/wp-content\/uploads\/2024\/12\/le-serment-de-Buchenwald.jpg\" \/>\n\t<meta property=\"og:image:width\" content=\"420\" \/>\n\t<meta property=\"og:image:height\" content=\"640\" \/>\n\t<meta property=\"og:image:type\" content=\"image\/jpeg\" \/>\n<meta name=\"twitter:card\" content=\"summary_large_image\" \/>\n<meta name=\"twitter:label1\" content=\"Tiempo de lectura\" \/>\n\t<meta name=\"twitter:data1\" content=\"3 minutos\" \/>\n<script type=\"application\/ld+json\" class=\"yoast-schema-graph\">{\"@context\":\"https:\/\/schema.org\",\"@graph\":[{\"@type\":\"WebPage\",\"@id\":\"https:\/\/amical-buchenwald.org\/el-jurament-de-buchenwald\/\",\"url\":\"https:\/\/amical-buchenwald.org\/el-jurament-de-buchenwald\/\",\"name\":\"El Juramento de Buchenwald - Amical de Buchenwald\",\"isPartOf\":{\"@id\":\"https:\/\/amical-buchenwald.org\/#website\"},\"primaryImageOfPage\":{\"@id\":\"https:\/\/amical-buchenwald.org\/el-jurament-de-buchenwald\/#primaryimage\"},\"image\":{\"@id\":\"https:\/\/amical-buchenwald.org\/el-jurament-de-buchenwald\/#primaryimage\"},\"thumbnailUrl\":\"https:\/\/amical-buchenwald.org\/wp-content\/uploads\/2024\/12\/le-serment-de-Buchenwald.jpg\",\"datePublished\":\"2024-12-16T08:23:21+00:00\",\"dateModified\":\"2025-01-15T07:50:12+00:00\",\"breadcrumb\":{\"@id\":\"https:\/\/amical-buchenwald.org\/el-jurament-de-buchenwald\/#breadcrumb\"},\"inLanguage\":\"es\",\"potentialAction\":[{\"@type\":\"ReadAction\",\"target\":[\"https:\/\/amical-buchenwald.org\/el-jurament-de-buchenwald\/\"]}]},{\"@type\":\"ImageObject\",\"inLanguage\":\"es\",\"@id\":\"https:\/\/amical-buchenwald.org\/el-jurament-de-buchenwald\/#primaryimage\",\"url\":\"https:\/\/amical-buchenwald.org\/wp-content\/uploads\/2024\/12\/le-serment-de-Buchenwald.jpg\",\"contentUrl\":\"https:\/\/amical-buchenwald.org\/wp-content\/uploads\/2024\/12\/le-serment-de-Buchenwald.jpg\",\"width\":420,\"height\":640},{\"@type\":\"BreadcrumbList\",\"@id\":\"https:\/\/amical-buchenwald.org\/el-jurament-de-buchenwald\/#breadcrumb\",\"itemListElement\":[{\"@type\":\"ListItem\",\"position\":1,\"name\":\"Inici\",\"item\":\"https:\/\/amical-buchenwald.org\/es\/\"},{\"@type\":\"ListItem\",\"position\":2,\"name\":\"El Juramento de Buchenwald\"}]},{\"@type\":\"WebSite\",\"@id\":\"https:\/\/amical-buchenwald.org\/#website\",\"url\":\"https:\/\/amical-buchenwald.org\/\",\"name\":\"Amical de Buchenwald\",\"description\":\"\",\"potentialAction\":[{\"@type\":\"SearchAction\",\"target\":{\"@type\":\"EntryPoint\",\"urlTemplate\":\"https:\/\/amical-buchenwald.org\/?s={search_term_string}\"},\"query-input\":{\"@type\":\"PropertyValueSpecification\",\"valueRequired\":true,\"valueName\":\"search_term_string\"}}],\"inLanguage\":\"es\"}]}<\/script>\n<!-- \/ Yoast SEO plugin. -->","yoast_head_json":{"title":"El Juramento de Buchenwald - Amical de Buchenwald","robots":{"index":"index","follow":"follow","max-snippet":"max-snippet:-1","max-image-preview":"max-image-preview:large","max-video-preview":"max-video-preview:-1"},"canonical":"https:\/\/amical-buchenwald.org\/el-jurament-de-buchenwald\/","og_locale":"es_ES","og_type":"article","og_title":"El Juramento de Buchenwald - Amical de Buchenwald","og_description":"El texto del juramento fue redactado por el antifascista alem\u00e1n Walter Hartel y Marcel Paul. La versi\u00f3n francesa fue le\u00edda por Pierre Durand. El juramento de Buchenwald representa el compromiso de los supervivientes con la lucha antifascista y con la paz y la libertad. A pesar de su antig\u00fcedad e historia, hoy sigue siendo plenamente [&hellip;]","og_url":"https:\/\/amical-buchenwald.org\/el-jurament-de-buchenwald\/","og_site_name":"Amical de Buchenwald","article_modified_time":"2025-01-15T07:50:12+00:00","og_image":[{"width":420,"height":640,"url":"https:\/\/amical-buchenwald.org\/wp-content\/uploads\/2024\/12\/le-serment-de-Buchenwald.jpg","type":"image\/jpeg"}],"twitter_card":"summary_large_image","twitter_misc":{"Tiempo de lectura":"3 minutos"},"schema":{"@context":"https:\/\/schema.org","@graph":[{"@type":"WebPage","@id":"https:\/\/amical-buchenwald.org\/el-jurament-de-buchenwald\/","url":"https:\/\/amical-buchenwald.org\/el-jurament-de-buchenwald\/","name":"El Juramento de Buchenwald - Amical de Buchenwald","isPartOf":{"@id":"https:\/\/amical-buchenwald.org\/#website"},"primaryImageOfPage":{"@id":"https:\/\/amical-buchenwald.org\/el-jurament-de-buchenwald\/#primaryimage"},"image":{"@id":"https:\/\/amical-buchenwald.org\/el-jurament-de-buchenwald\/#primaryimage"},"thumbnailUrl":"https:\/\/amical-buchenwald.org\/wp-content\/uploads\/2024\/12\/le-serment-de-Buchenwald.jpg","datePublished":"2024-12-16T08:23:21+00:00","dateModified":"2025-01-15T07:50:12+00:00","breadcrumb":{"@id":"https:\/\/amical-buchenwald.org\/el-jurament-de-buchenwald\/#breadcrumb"},"inLanguage":"es","potentialAction":[{"@type":"ReadAction","target":["https:\/\/amical-buchenwald.org\/el-jurament-de-buchenwald\/"]}]},{"@type":"ImageObject","inLanguage":"es","@id":"https:\/\/amical-buchenwald.org\/el-jurament-de-buchenwald\/#primaryimage","url":"https:\/\/amical-buchenwald.org\/wp-content\/uploads\/2024\/12\/le-serment-de-Buchenwald.jpg","contentUrl":"https:\/\/amical-buchenwald.org\/wp-content\/uploads\/2024\/12\/le-serment-de-Buchenwald.jpg","width":420,"height":640},{"@type":"BreadcrumbList","@id":"https:\/\/amical-buchenwald.org\/el-jurament-de-buchenwald\/#breadcrumb","itemListElement":[{"@type":"ListItem","position":1,"name":"Inici","item":"https:\/\/amical-buchenwald.org\/es\/"},{"@type":"ListItem","position":2,"name":"El Juramento de Buchenwald"}]},{"@type":"WebSite","@id":"https:\/\/amical-buchenwald.org\/#website","url":"https:\/\/amical-buchenwald.org\/","name":"Amical de Buchenwald","description":"","potentialAction":[{"@type":"SearchAction","target":{"@type":"EntryPoint","urlTemplate":"https:\/\/amical-buchenwald.org\/?s={search_term_string}"},"query-input":{"@type":"PropertyValueSpecification","valueRequired":true,"valueName":"search_term_string"}}],"inLanguage":"es"}]}},"_links":{"self":[{"href":"https:\/\/amical-buchenwald.org\/es\/wp-json\/wp\/v2\/pages\/1276","targetHints":{"allow":["GET"]}}],"collection":[{"href":"https:\/\/amical-buchenwald.org\/es\/wp-json\/wp\/v2\/pages"}],"about":[{"href":"https:\/\/amical-buchenwald.org\/es\/wp-json\/wp\/v2\/types\/page"}],"author":[{"embeddable":true,"href":"https:\/\/amical-buchenwald.org\/es\/wp-json\/wp\/v2\/users\/1"}],"replies":[{"embeddable":true,"href":"https:\/\/amical-buchenwald.org\/es\/wp-json\/wp\/v2\/comments?post=1276"}],"version-history":[{"count":5,"href":"https:\/\/amical-buchenwald.org\/es\/wp-json\/wp\/v2\/pages\/1276\/revisions"}],"predecessor-version":[{"id":1378,"href":"https:\/\/amical-buchenwald.org\/es\/wp-json\/wp\/v2\/pages\/1276\/revisions\/1378"}],"wp:featuredmedia":[{"embeddable":true,"href":"https:\/\/amical-buchenwald.org\/es\/wp-json\/wp\/v2\/media\/1083"}],"wp:attachment":[{"href":"https:\/\/amical-buchenwald.org\/es\/wp-json\/wp\/v2\/media?parent=1276"}],"curies":[{"name":"wp","href":"https:\/\/api.w.org\/{rel}","templated":true}]}}